{"id":1044,"date":"2023-05-07T20:03:11","date_gmt":"2023-05-07T20:03:11","guid":{"rendered":"https:\/\/automind.staging.11w.us\/?page_id=1044"},"modified":"2023-05-10T22:36:43","modified_gmt":"2023-05-10T22:36:43","slug":"autoload","status":"publish","type":"page","link":"https:\/\/automind.staging.11w.us\/en\/autoload\/","title":{"rendered":"autoload\u00ae"},"content":{"rendered":"","protected":false},"excerpt":{"rendered":"","protected":false},"author":1,"featured_media":961,"parent":0,"menu_order":3,"comment_status":"closed","ping_status":"closed","template":"","meta":{"inline_featured_image":false,"footnotes":""},"class_list":["post-1044","page","type-page","status-publish","has-post-thumbnail","hentry"],"acf":[],"yoast_head":"<!-- This site is optimized with the Yoast SEO plugin v20.7 - https:\/\/yoast.com\/wordpress\/plugins\/seo\/ -->\n<title>Autoload\u00ae - Automind<\/title>\n<meta name=\"description\" content=\"Sistema de gest\u00e3o de terminais de movimenta\u00e7\u00e3o de gran\u00e9is l\u00edquidos e s\u00f3lidos\" \/>\n<meta name=\"robots\" content=\"noindex, follow, max-snippet:-1, max-image-preview:large, max-video-preview:-1\" \/>\n<meta property=\"og:locale\" content=\"en_US\" \/>\n<meta property=\"og:type\" content=\"article\" \/>\n<meta property=\"og:title\" content=\"Autoload\u00ae - Automind\" \/>\n<meta property=\"og:description\" content=\"Sistema de gest\u00e3o de terminais de movimenta\u00e7\u00e3o de gran\u00e9is l\u00edquidos e s\u00f3lidos\" \/>\n<meta property=\"og:url\" content=\"https:\/\/automind.staging.11w.us\/en\/autoload\/\" \/>\n<meta property=\"og:site_name\" content=\"Automind\" \/>\n<meta property=\"article:modified_time\" content=\"2023-05-10T22:36:43+00:00\" \/>\n<meta property=\"og:image\" content=\"https:\/\/automind.staging.11w.us\/wp-content\/uploads\/bg-autoload-1.jpg\" \/>\n\t<meta property=\"og:image:width\" content=\"1920\" \/>\n\t<meta property=\"og:image:height\" content=\"1080\" \/>\n\t<meta property=\"og:image:type\" content=\"image\/jpeg\" \/>\n<meta name=\"twitter:card\" content=\"summary_large_image\" \/>\n<script type=\"application\/ld+json\" class=\"yoast-schema-graph\">{\"@context\":\"https:\/\/schema.org\",\"@graph\":[{\"@type\":\"WebPage\",\"@id\":\"https:\/\/automind.staging.11w.us\/autoload\/\",\"url\":\"https:\/\/automind.staging.11w.us\/autoload\/\",\"name\":\"Autoload\u00ae - Automind\",\"isPartOf\":{\"@id\":\"https:\/\/automind.staging.11w.us\/#website\"},\"datePublished\":\"2023-05-07T20:03:11+00:00\",\"dateModified\":\"2023-05-10T22:36:43+00:00\",\"description\":\"Sistema de gest\u00e3o de terminais de movimenta\u00e7\u00e3o de gran\u00e9is l\u00edquidos e s\u00f3lidos\",\"breadcrumb\":{\"@id\":\"https:\/\/automind.staging.11w.us\/autoload\/#breadcrumb\"},\"inLanguage\":\"en-US\",\"potentialAction\":[{\"@type\":\"ReadAction\",\"target\":[\"https:\/\/automind.staging.11w.us\/autoload\/\"]}]},{\"@type\":\"BreadcrumbList\",\"@id\":\"https:\/\/automind.staging.11w.us\/autoload\/#breadcrumb\",\"itemListElement\":[{\"@type\":\"ListItem\",\"position\":1,\"name\":\"In\u00edcio\",\"item\":\"https:\/\/automind.staging.11w.us\/\"},{\"@type\":\"ListItem\",\"position\":2,\"name\":\"Autoload\u00ae\"}]},{\"@type\":\"WebSite\",\"@id\":\"https:\/\/automind.staging.11w.us\/#website\",\"url\":\"https:\/\/automind.staging.11w.us\/\",\"name\":\"Automind\",\"description\":\"Solu\u00e7\u00f5es Integradas de Tecnologias de Automa\u00e7\u00e3o\",\"publisher\":{\"@id\":\"https:\/\/automind.staging.11w.us\/#\/schema\/person\/6c9e63d4942ae45004201bd73ebc9557\"},\"potentialAction\":[{\"@type\":\"SearchAction\",\"target\":{\"@type\":\"EntryPoint\",\"urlTemplate\":\"https:\/\/automind.staging.11w.us\/?s={search_term_string}\"},\"query-input\":\"required name=search_term_string\"}],\"inLanguage\":\"en-US\"},{\"@type\":[\"Person\",\"Organization\"],\"@id\":\"https:\/\/automind.staging.11w.us\/#\/schema\/person\/6c9e63d4942ae45004201bd73ebc9557\",\"name\":\"admin\",\"image\":{\"@type\":\"ImageObject\",\"inLanguage\":\"en-US\",\"@id\":\"https:\/\/automind.staging.11w.us\/#\/schema\/person\/image\/\",\"url\":\"https:\/\/automind.staging.11w.us\/wp-content\/uploads\/virginia-de-medeiros-640x610-1.jpg\",\"contentUrl\":\"https:\/\/automind.staging.11w.us\/wp-content\/uploads\/virginia-de-medeiros-640x610-1.jpg\",\"width\":640,\"height\":610,\"caption\":\"admin\"},\"logo\":{\"@id\":\"https:\/\/automind.staging.11w.us\/#\/schema\/person\/image\/\"},\"sameAs\":[\"https:\/\/automind.staging.11w.us\"]}]}<\/script>\n<!-- \/ Yoast SEO plugin. -->","yoast_head_json":{"title":"Autoload\u00ae - Automind","description":"Sistema de gest\u00e3o de terminais de movimenta\u00e7\u00e3o de gran\u00e9is l\u00edquidos e s\u00f3lidos","robots":{"index":"noindex","follow":"follow","max-snippet":"max-snippet:-1","max-image-preview":"max-image-preview:large","max-video-preview":"max-video-preview:-1"},"og_locale":"en_US","og_type":"article","og_title":"Autoload\u00ae - Automind","og_description":"Sistema de gest\u00e3o de terminais de movimenta\u00e7\u00e3o de gran\u00e9is l\u00edquidos e s\u00f3lidos","og_url":"https:\/\/automind.staging.11w.us\/en\/autoload\/","og_site_name":"Automind","article_modified_time":"2023-05-10T22:36:43+00:00","og_image":[{"width":1920,"height":1080,"url":"https:\/\/automind.staging.11w.us\/wp-content\/uploads\/bg-autoload-1.jpg","type":"image\/jpeg"}],"twitter_card":"summary_large_image","schema":{"@context":"https:\/\/schema.org","@graph":[{"@type":"WebPage","@id":"https:\/\/automind.staging.11w.us\/autoload\/","url":"https:\/\/automind.staging.11w.us\/autoload\/","name":"Autoload\u00ae - Automind","isPartOf":{"@id":"https:\/\/automind.staging.11w.us\/#website"},"datePublished":"2023-05-07T20:03:11+00:00","dateModified":"2023-05-10T22:36:43+00:00","description":"Sistema de gest\u00e3o de terminais de movimenta\u00e7\u00e3o de gran\u00e9is l\u00edquidos e s\u00f3lidos","breadcrumb":{"@id":"https:\/\/automind.staging.11w.us\/autoload\/#breadcrumb"},"inLanguage":"en-US","potentialAction":[{"@type":"ReadAction","target":["https:\/\/automind.staging.11w.us\/autoload\/"]}]},{"@type":"BreadcrumbList","@id":"https:\/\/automind.staging.11w.us\/autoload\/#breadcrumb","itemListElement":[{"@type":"ListItem","position":1,"name":"In\u00edcio","item":"https:\/\/automind.staging.11w.us\/"},{"@type":"ListItem","position":2,"name":"Autoload\u00ae"}]},{"@type":"WebSite","@id":"https:\/\/automind.staging.11w.us\/#website","url":"https:\/\/automind.staging.11w.us\/","name":"Automind","description":"Solu\u00e7\u00f5es Integradas de Tecnologias de Automa\u00e7\u00e3o","publisher":{"@id":"https:\/\/automind.staging.11w.us\/#\/schema\/person\/6c9e63d4942ae45004201bd73ebc9557"},"potentialAction":[{"@type":"SearchAction","target":{"@type":"EntryPoint","urlTemplate":"https:\/\/automind.staging.11w.us\/?s={search_term_string}"},"query-input":"required name=search_term_string"}],"inLanguage":"en-US"},{"@type":["Person","Organization"],"@id":"https:\/\/automind.staging.11w.us\/#\/schema\/person\/6c9e63d4942ae45004201bd73ebc9557","name":"admin","image":{"@type":"ImageObject","inLanguage":"en-US","@id":"https:\/\/automind.staging.11w.us\/#\/schema\/person\/image\/","url":"https:\/\/automind.staging.11w.us\/wp-content\/uploads\/virginia-de-medeiros-640x610-1.jpg","contentUrl":"https:\/\/automind.staging.11w.us\/wp-content\/uploads\/virginia-de-medeiros-640x610-1.jpg","width":640,"height":610,"caption":"admin"},"logo":{"@id":"https:\/\/automind.staging.11w.us\/#\/schema\/person\/image\/"},"sameAs":["https:\/\/automind.staging.11w.us"]}]}},"_links":{"self":[{"href":"https:\/\/automind.staging.11w.us\/en\/wp-json\/wp\/v2\/pages\/1044","targetHints":{"allow":["GET"]}}],"collection":[{"href":"https:\/\/automind.staging.11w.us\/en\/wp-json\/wp\/v2\/pages"}],"about":[{"href":"https:\/\/automind.staging.11w.us\/en\/wp-json\/wp\/v2\/types\/page"}],"author":[{"embeddable":true,"href":"https:\/\/automind.staging.11w.us\/en\/wp-json\/wp\/v2\/users\/1"}],"replies":[{"embeddable":true,"href":"https:\/\/automind.staging.11w.us\/en\/wp-json\/wp\/v2\/comments?post=1044"}],"version-history":[{"count":10,"href":"https:\/\/automind.staging.11w.us\/en\/wp-json\/wp\/v2\/pages\/1044\/revisions"}],"predecessor-version":[{"id":1104,"href":"https:\/\/automind.staging.11w.us\/en\/wp-json\/wp\/v2\/pages\/1044\/revisions\/1104"}],"wp:featuredmedia":[{"embeddable":true,"href":"https:\/\/automind.staging.11w.us\/en\/wp-json\/wp\/v2\/media\/961"}],"wp:attachment":[{"href":"https:\/\/automind.staging.11w.us\/en\/wp-json\/wp\/v2\/media?parent=1044"}],"curies":[{"name":"wp","href":"https:\/\/api.w.org\/{rel}","templated":true}]}}