{"id":1067,"date":"2023-05-07T23:45:13","date_gmt":"2023-05-07T23:45:13","guid":{"rendered":"https:\/\/automind.staging.11w.us\/?page_id=1067"},"modified":"2023-05-10T22:44:57","modified_gmt":"2023-05-10T22:44:57","slug":"empresa","status":"publish","type":"page","link":"https:\/\/automind.staging.11w.us\/en\/empresa\/","title":{"rendered":"Automind\u2122"},"content":{"rendered":"","protected":false},"excerpt":{"rendered":"","protected":false},"author":1,"featured_media":893,"parent":0,"menu_order":2,"comment_status":"closed","ping_status":"closed","template":"","meta":{"inline_featured_image":false,"footnotes":""},"class_list":["post-1067","page","type-page","status-publish","has-post-thumbnail","hentry"],"acf":[],"yoast_head":"<!-- This site is optimized with the Yoast SEO plugin v20.7 - https:\/\/yoast.com\/wordpress\/plugins\/seo\/ -->\n<title>Automind\u2122 - Automind<\/title>\n<meta name=\"robots\" content=\"noindex, follow, max-snippet:-1, max-image-preview:large, max-video-preview:-1\" \/>\n<meta property=\"og:locale\" content=\"en_US\" \/>\n<meta property=\"og:type\" content=\"article\" \/>\n<meta property=\"og:title\" content=\"Automind\u2122 - Automind\" \/>\n<meta property=\"og:url\" content=\"https:\/\/automind.staging.11w.us\/en\/empresa\/\" \/>\n<meta property=\"og:site_name\" content=\"Automind\" \/>\n<meta property=\"article:modified_time\" content=\"2023-05-10T22:44:57+00:00\" \/>\n<meta property=\"og:image\" content=\"https:\/\/automind.staging.11w.us\/wp-content\/uploads\/plataforma-2.jpg\" \/>\n\t<meta property=\"og:image:width\" content=\"1922\" \/>\n\t<meta property=\"og:image:height\" content=\"960\" \/>\n\t<meta property=\"og:image:type\" content=\"image\/jpeg\" \/>\n<meta name=\"twitter:card\" content=\"summary_large_image\" \/>\n<script type=\"application\/ld+json\" class=\"yoast-schema-graph\">{\"@context\":\"https:\/\/schema.org\",\"@graph\":[{\"@type\":\"WebPage\",\"@id\":\"https:\/\/automind.staging.11w.us\/empresa\/\",\"url\":\"https:\/\/automind.staging.11w.us\/empresa\/\",\"name\":\"Automind\u2122 - Automind\",\"isPartOf\":{\"@id\":\"https:\/\/automind.staging.11w.us\/#website\"},\"datePublished\":\"2023-05-07T23:45:13+00:00\",\"dateModified\":\"2023-05-10T22:44:57+00:00\",\"breadcrumb\":{\"@id\":\"https:\/\/automind.staging.11w.us\/empresa\/#breadcrumb\"},\"inLanguage\":\"en-US\",\"potentialAction\":[{\"@type\":\"ReadAction\",\"target\":[\"https:\/\/automind.staging.11w.us\/empresa\/\"]}]},{\"@type\":\"BreadcrumbList\",\"@id\":\"https:\/\/automind.staging.11w.us\/empresa\/#breadcrumb\",\"itemListElement\":[{\"@type\":\"ListItem\",\"position\":1,\"name\":\"In\u00edcio\",\"item\":\"https:\/\/automind.staging.11w.us\/\"},{\"@type\":\"ListItem\",\"position\":2,\"name\":\"Automind\u2122\"}]},{\"@type\":\"WebSite\",\"@id\":\"https:\/\/automind.staging.11w.us\/#website\",\"url\":\"https:\/\/automind.staging.11w.us\/\",\"name\":\"Automind\",\"description\":\"Solu\u00e7\u00f5es Integradas de Tecnologias de Automa\u00e7\u00e3o\",\"publisher\":{\"@id\":\"https:\/\/automind.staging.11w.us\/#\/schema\/person\/6c9e63d4942ae45004201bd73ebc9557\"},\"potentialAction\":[{\"@type\":\"SearchAction\",\"target\":{\"@type\":\"EntryPoint\",\"urlTemplate\":\"https:\/\/automind.staging.11w.us\/?s={search_term_string}\"},\"query-input\":\"required name=search_term_string\"}],\"inLanguage\":\"en-US\"},{\"@type\":[\"Person\",\"Organization\"],\"@id\":\"https:\/\/automind.staging.11w.us\/#\/schema\/person\/6c9e63d4942ae45004201bd73ebc9557\",\"name\":\"admin\",\"image\":{\"@type\":\"ImageObject\",\"inLanguage\":\"en-US\",\"@id\":\"https:\/\/automind.staging.11w.us\/#\/schema\/person\/image\/\",\"url\":\"https:\/\/automind.staging.11w.us\/wp-content\/uploads\/virginia-de-medeiros-640x610-1.jpg\",\"contentUrl\":\"https:\/\/automind.staging.11w.us\/wp-content\/uploads\/virginia-de-medeiros-640x610-1.jpg\",\"width\":640,\"height\":610,\"caption\":\"admin\"},\"logo\":{\"@id\":\"https:\/\/automind.staging.11w.us\/#\/schema\/person\/image\/\"},\"sameAs\":[\"https:\/\/automind.staging.11w.us\"]}]}<\/script>\n<!-- \/ Yoast SEO plugin. -->","yoast_head_json":{"title":"Automind\u2122 - Automind","robots":{"index":"noindex","follow":"follow","max-snippet":"max-snippet:-1","max-image-preview":"max-image-preview:large","max-video-preview":"max-video-preview:-1"},"og_locale":"en_US","og_type":"article","og_title":"Automind\u2122 - Automind","og_url":"https:\/\/automind.staging.11w.us\/en\/empresa\/","og_site_name":"Automind","article_modified_time":"2023-05-10T22:44:57+00:00","og_image":[{"width":1922,"height":960,"url":"https:\/\/automind.staging.11w.us\/wp-content\/uploads\/plataforma-2.jpg","type":"image\/jpeg"}],"twitter_card":"summary_large_image","schema":{"@context":"https:\/\/schema.org","@graph":[{"@type":"WebPage","@id":"https:\/\/automind.staging.11w.us\/empresa\/","url":"https:\/\/automind.staging.11w.us\/empresa\/","name":"Automind\u2122 - Automind","isPartOf":{"@id":"https:\/\/automind.staging.11w.us\/#website"},"datePublished":"2023-05-07T23:45:13+00:00","dateModified":"2023-05-10T22:44:57+00:00","breadcrumb":{"@id":"https:\/\/automind.staging.11w.us\/empresa\/#breadcrumb"},"inLanguage":"en-US","potentialAction":[{"@type":"ReadAction","target":["https:\/\/automind.staging.11w.us\/empresa\/"]}]},{"@type":"BreadcrumbList","@id":"https:\/\/automind.staging.11w.us\/empresa\/#breadcrumb","itemListElement":[{"@type":"ListItem","position":1,"name":"In\u00edcio","item":"https:\/\/automind.staging.11w.us\/"},{"@type":"ListItem","position":2,"name":"Automind\u2122"}]},{"@type":"WebSite","@id":"https:\/\/automind.staging.11w.us\/#website","url":"https:\/\/automind.staging.11w.us\/","name":"Automind","description":"Solu\u00e7\u00f5es Integradas de Tecnologias de Automa\u00e7\u00e3o","publisher":{"@id":"https:\/\/automind.staging.11w.us\/#\/schema\/person\/6c9e63d4942ae45004201bd73ebc9557"},"potentialAction":[{"@type":"SearchAction","target":{"@type":"EntryPoint","urlTemplate":"https:\/\/automind.staging.11w.us\/?s={search_term_string}"},"query-input":"required name=search_term_string"}],"inLanguage":"en-US"},{"@type":["Person","Organization"],"@id":"https:\/\/automind.staging.11w.us\/#\/schema\/person\/6c9e63d4942ae45004201bd73ebc9557","name":"admin","image":{"@type":"ImageObject","inLanguage":"en-US","@id":"https:\/\/automind.staging.11w.us\/#\/schema\/person\/image\/","url":"https:\/\/automind.staging.11w.us\/wp-content\/uploads\/virginia-de-medeiros-640x610-1.jpg","contentUrl":"https:\/\/automind.staging.11w.us\/wp-content\/uploads\/virginia-de-medeiros-640x610-1.jpg","width":640,"height":610,"caption":"admin"},"logo":{"@id":"https:\/\/automind.staging.11w.us\/#\/schema\/person\/image\/"},"sameAs":["https:\/\/automind.staging.11w.us"]}]}},"_links":{"self":[{"href":"https:\/\/automind.staging.11w.us\/en\/wp-json\/wp\/v2\/pages\/1067","targetHints":{"allow":["GET"]}}],"collection":[{"href":"https:\/\/automind.staging.11w.us\/en\/wp-json\/wp\/v2\/pages"}],"about":[{"href":"https:\/\/automind.staging.11w.us\/en\/wp-json\/wp\/v2\/types\/page"}],"author":[{"embeddable":true,"href":"https:\/\/automind.staging.11w.us\/en\/wp-json\/wp\/v2\/users\/1"}],"replies":[{"embeddable":true,"href":"https:\/\/automind.staging.11w.us\/en\/wp-json\/wp\/v2\/comments?post=1067"}],"version-history":[{"count":8,"href":"https:\/\/automind.staging.11w.us\/en\/wp-json\/wp\/v2\/pages\/1067\/revisions"}],"predecessor-version":[{"id":1128,"href":"https:\/\/automind.staging.11w.us\/en\/wp-json\/wp\/v2\/pages\/1067\/revisions\/1128"}],"wp:featuredmedia":[{"embeddable":true,"href":"https:\/\/automind.staging.11w.us\/en\/wp-json\/wp\/v2\/media\/893"}],"wp:attachment":[{"href":"https:\/\/automind.staging.11w.us\/en\/wp-json\/wp\/v2\/media?parent=1067"}],"curies":[{"name":"wp","href":"https:\/\/api.w.org\/{rel}","templated":true}]}}