{"id":1072,"date":"2023-05-07T23:50:41","date_gmt":"2023-05-07T23:50:41","guid":{"rendered":"https:\/\/automind.staging.11w.us\/?page_id=1072"},"modified":"2023-05-07T23:51:10","modified_gmt":"2023-05-07T23:51:10","slug":"codigo-de-etica-e-conduta-da-automind","status":"publish","type":"page","link":"https:\/\/automind.staging.11w.us\/en\/empresa\/codigo-de-etica-e-conduta-da-automind\/","title":{"rendered":"C\u00f3digo de \u00c9tica e Conduta da Automind"},"content":{"rendered":"<p>O C\u00f3digo de \u00c9tica e Conduta da Automind \u00e9 um conjunto de a\u00e7\u00f5es que s\u00e3o dirigidas a todos os seus membros da administra\u00e7\u00e3o, s\u00f3cios, colaboradores, estagi\u00e1rios, parceiros de neg\u00f3cios, fornecedores e demais p\u00fablicos de relacionamento externo, a fim de servir como refer\u00eancia na atua\u00e7\u00e3o pessoal e profissional de cada um. \u00c9 atrav\u00e9s do cumprimento deste c\u00f3digo e do trabalho conjunto com seus colaboradores que a Automind se mantem no mercado como uma empresa produtiva, rent\u00e1vel, \u00e9tica e honesta.<\/p>\n\n\n\n<div class=\"wp-block-buttons is-layout-flex wp-block-buttons-is-layout-flex\">\n<div class=\"wp-block-button\"><a class=\"wp-block-button__link wp-element-button\" href=\"https:\/\/automind.staging.11w.us\/wp-content\/uploads\/automind-codigo-etica-e-conduta_00-1.pdf\" target=\"_blank\" rel=\"noreferrer noopener\">Fazer download do C\u00f3digo de \u00c9tica e Conduta completo<\/a><\/div>\n<\/div>\n\n\n\n<h3 class=\"wp-block-heading\"><strong>Canal de Comunica\u00e7\u00e3o<\/strong><\/h3>\n\n\n\n<p>Envie sua mensagem ou den\u00fancia para o nosso Canal de Den\u00fancias (denuncias@automind.com.br).<\/p>","protected":false},"excerpt":{"rendered":"<p>O C\u00f3digo de \u00c9tica e Conduta da Automind \u00e9 um conjunto de a\u00e7\u00f5es que s\u00e3o dirigidas a todos os seus membros da administra\u00e7\u00e3o, s\u00f3cios, colaboradores, [&hellip;]<\/p>","protected":false},"author":1,"featured_media":0,"parent":1067,"menu_order":1,"comment_status":"closed","ping_status":"closed","template":"","meta":{"inline_featured_image":false,"footnotes":""},"class_list":["post-1072","page","type-page","status-publish","hentry"],"acf":[],"yoast_head":"<!-- This site is optimized with the Yoast SEO plugin v20.7 - https:\/\/yoast.com\/wordpress\/plugins\/seo\/ -->\n<title>C\u00f3digo de \u00c9tica e Conduta da Automind - Automind<\/title>\n<meta name=\"robots\" content=\"noindex, follow, max-snippet:-1, max-image-preview:large, max-video-preview:-1\" \/>\n<meta property=\"og:locale\" content=\"en_US\" \/>\n<meta property=\"og:type\" content=\"article\" \/>\n<meta property=\"og:title\" content=\"C\u00f3digo de \u00c9tica e Conduta da Automind - Automind\" \/>\n<meta property=\"og:description\" content=\"O C\u00f3digo de \u00c9tica e Conduta da Automind \u00e9 um conjunto de a\u00e7\u00f5es que s\u00e3o dirigidas a todos os seus membros da administra\u00e7\u00e3o, s\u00f3cios, colaboradores, [&hellip;]\" \/>\n<meta property=\"og:url\" content=\"https:\/\/automind.staging.11w.us\/en\/empresa\/codigo-de-etica-e-conduta-da-automind\/\" \/>\n<meta property=\"og:site_name\" content=\"Automind\" \/>\n<meta property=\"article:modified_time\" content=\"2023-05-07T23:51:10+00:00\" \/>\n<meta name=\"twitter:card\" content=\"summary_large_image\" \/>\n<meta name=\"twitter:label1\" content=\"Est. reading time\" \/>\n\t<meta name=\"twitter:data1\" content=\"1 minute\" \/>\n<script type=\"application\/ld+json\" class=\"yoast-schema-graph\">{\"@context\":\"https:\/\/schema.org\",\"@graph\":[{\"@type\":\"WebPage\",\"@id\":\"https:\/\/automind.staging.11w.us\/empresa\/codigo-de-etica-e-conduta-da-automind\/\",\"url\":\"https:\/\/automind.staging.11w.us\/empresa\/codigo-de-etica-e-conduta-da-automind\/\",\"name\":\"C\u00f3digo de \u00c9tica e Conduta da Automind - Automind\",\"isPartOf\":{\"@id\":\"https:\/\/automind.staging.11w.us\/#website\"},\"datePublished\":\"2023-05-07T23:50:41+00:00\",\"dateModified\":\"2023-05-07T23:51:10+00:00\",\"breadcrumb\":{\"@id\":\"https:\/\/automind.staging.11w.us\/empresa\/codigo-de-etica-e-conduta-da-automind\/#breadcrumb\"},\"inLanguage\":\"en-US\",\"potentialAction\":[{\"@type\":\"ReadAction\",\"target\":[\"https:\/\/automind.staging.11w.us\/empresa\/codigo-de-etica-e-conduta-da-automind\/\"]}]},{\"@type\":\"BreadcrumbList\",\"@id\":\"https:\/\/automind.staging.11w.us\/empresa\/codigo-de-etica-e-conduta-da-automind\/#breadcrumb\",\"itemListElement\":[{\"@type\":\"ListItem\",\"position\":1,\"name\":\"In\u00edcio\",\"item\":\"https:\/\/automind.staging.11w.us\/\"},{\"@type\":\"ListItem\",\"position\":2,\"name\":\"Automind\u2122\",\"item\":\"https:\/\/automind.staging.11w.us\/empresa\/\"},{\"@type\":\"ListItem\",\"position\":3,\"name\":\"C\u00f3digo de \u00c9tica e Conduta da Automind\"}]},{\"@type\":\"WebSite\",\"@id\":\"https:\/\/automind.staging.11w.us\/#website\",\"url\":\"https:\/\/automind.staging.11w.us\/\",\"name\":\"Automind\",\"description\":\"Solu\u00e7\u00f5es Integradas de Tecnologias de Automa\u00e7\u00e3o\",\"publisher\":{\"@id\":\"https:\/\/automind.staging.11w.us\/#\/schema\/person\/6c9e63d4942ae45004201bd73ebc9557\"},\"potentialAction\":[{\"@type\":\"SearchAction\",\"target\":{\"@type\":\"EntryPoint\",\"urlTemplate\":\"https:\/\/automind.staging.11w.us\/?s={search_term_string}\"},\"query-input\":\"required name=search_term_string\"}],\"inLanguage\":\"en-US\"},{\"@type\":[\"Person\",\"Organization\"],\"@id\":\"https:\/\/automind.staging.11w.us\/#\/schema\/person\/6c9e63d4942ae45004201bd73ebc9557\",\"name\":\"admin\",\"image\":{\"@type\":\"ImageObject\",\"inLanguage\":\"en-US\",\"@id\":\"https:\/\/automind.staging.11w.us\/#\/schema\/person\/image\/\",\"url\":\"https:\/\/automind.staging.11w.us\/wp-content\/uploads\/virginia-de-medeiros-640x610-1.jpg\",\"contentUrl\":\"https:\/\/automind.staging.11w.us\/wp-content\/uploads\/virginia-de-medeiros-640x610-1.jpg\",\"width\":640,\"height\":610,\"caption\":\"admin\"},\"logo\":{\"@id\":\"https:\/\/automind.staging.11w.us\/#\/schema\/person\/image\/\"},\"sameAs\":[\"https:\/\/automind.staging.11w.us\"]}]}<\/script>\n<!-- \/ Yoast SEO plugin. -->","yoast_head_json":{"title":"C\u00f3digo de \u00c9tica e Conduta da Automind - Automind","robots":{"index":"noindex","follow":"follow","max-snippet":"max-snippet:-1","max-image-preview":"max-image-preview:large","max-video-preview":"max-video-preview:-1"},"og_locale":"en_US","og_type":"article","og_title":"C\u00f3digo de \u00c9tica e Conduta da Automind - Automind","og_description":"O C\u00f3digo de \u00c9tica e Conduta da Automind \u00e9 um conjunto de a\u00e7\u00f5es que s\u00e3o dirigidas a todos os seus membros da administra\u00e7\u00e3o, s\u00f3cios, colaboradores, [&hellip;]","og_url":"https:\/\/automind.staging.11w.us\/en\/empresa\/codigo-de-etica-e-conduta-da-automind\/","og_site_name":"Automind","article_modified_time":"2023-05-07T23:51:10+00:00","twitter_card":"summary_large_image","twitter_misc":{"Est. reading time":"1 minute"},"schema":{"@context":"https:\/\/schema.org","@graph":[{"@type":"WebPage","@id":"https:\/\/automind.staging.11w.us\/empresa\/codigo-de-etica-e-conduta-da-automind\/","url":"https:\/\/automind.staging.11w.us\/empresa\/codigo-de-etica-e-conduta-da-automind\/","name":"C\u00f3digo de \u00c9tica e Conduta da Automind - Automind","isPartOf":{"@id":"https:\/\/automind.staging.11w.us\/#website"},"datePublished":"2023-05-07T23:50:41+00:00","dateModified":"2023-05-07T23:51:10+00:00","breadcrumb":{"@id":"https:\/\/automind.staging.11w.us\/empresa\/codigo-de-etica-e-conduta-da-automind\/#breadcrumb"},"inLanguage":"en-US","potentialAction":[{"@type":"ReadAction","target":["https:\/\/automind.staging.11w.us\/empresa\/codigo-de-etica-e-conduta-da-automind\/"]}]},{"@type":"BreadcrumbList","@id":"https:\/\/automind.staging.11w.us\/empresa\/codigo-de-etica-e-conduta-da-automind\/#breadcrumb","itemListElement":[{"@type":"ListItem","position":1,"name":"In\u00edcio","item":"https:\/\/automind.staging.11w.us\/"},{"@type":"ListItem","position":2,"name":"Automind\u2122","item":"https:\/\/automind.staging.11w.us\/empresa\/"},{"@type":"ListItem","position":3,"name":"C\u00f3digo de \u00c9tica e Conduta da Automind"}]},{"@type":"WebSite","@id":"https:\/\/automind.staging.11w.us\/#website","url":"https:\/\/automind.staging.11w.us\/","name":"Automind","description":"Solu\u00e7\u00f5es Integradas de Tecnologias de Automa\u00e7\u00e3o","publisher":{"@id":"https:\/\/automind.staging.11w.us\/#\/schema\/person\/6c9e63d4942ae45004201bd73ebc9557"},"potentialAction":[{"@type":"SearchAction","target":{"@type":"EntryPoint","urlTemplate":"https:\/\/automind.staging.11w.us\/?s={search_term_string}"},"query-input":"required name=search_term_string"}],"inLanguage":"en-US"},{"@type":["Person","Organization"],"@id":"https:\/\/automind.staging.11w.us\/#\/schema\/person\/6c9e63d4942ae45004201bd73ebc9557","name":"admin","image":{"@type":"ImageObject","inLanguage":"en-US","@id":"https:\/\/automind.staging.11w.us\/#\/schema\/person\/image\/","url":"https:\/\/automind.staging.11w.us\/wp-content\/uploads\/virginia-de-medeiros-640x610-1.jpg","contentUrl":"https:\/\/automind.staging.11w.us\/wp-content\/uploads\/virginia-de-medeiros-640x610-1.jpg","width":640,"height":610,"caption":"admin"},"logo":{"@id":"https:\/\/automind.staging.11w.us\/#\/schema\/person\/image\/"},"sameAs":["https:\/\/automind.staging.11w.us"]}]}},"_links":{"self":[{"href":"https:\/\/automind.staging.11w.us\/en\/wp-json\/wp\/v2\/pages\/1072","targetHints":{"allow":["GET"]}}],"collection":[{"href":"https:\/\/automind.staging.11w.us\/en\/wp-json\/wp\/v2\/pages"}],"about":[{"href":"https:\/\/automind.staging.11w.us\/en\/wp-json\/wp\/v2\/types\/page"}],"author":[{"embeddable":true,"href":"https:\/\/automind.staging.11w.us\/en\/wp-json\/wp\/v2\/users\/1"}],"replies":[{"embeddable":true,"href":"https:\/\/automind.staging.11w.us\/en\/wp-json\/wp\/v2\/comments?post=1072"}],"version-history":[{"count":2,"href":"https:\/\/automind.staging.11w.us\/en\/wp-json\/wp\/v2\/pages\/1072\/revisions"}],"predecessor-version":[{"id":1075,"href":"https:\/\/automind.staging.11w.us\/en\/wp-json\/wp\/v2\/pages\/1072\/revisions\/1075"}],"up":[{"embeddable":true,"href":"https:\/\/automind.staging.11w.us\/en\/wp-json\/wp\/v2\/pages\/1067"}],"wp:attachment":[{"href":"https:\/\/automind.staging.11w.us\/en\/wp-json\/wp\/v2\/media?parent=1072"}],"curies":[{"name":"wp","href":"https:\/\/api.w.org\/{rel}","templated":true}]}}