{"id":1076,"date":"2023-05-07T23:51:57","date_gmt":"2023-05-07T23:51:57","guid":{"rendered":"https:\/\/automind.staging.11w.us\/?page_id=1076"},"modified":"2023-05-07T23:54:33","modified_gmt":"2023-05-07T23:54:33","slug":"politica-sgi-automind","status":"publish","type":"page","link":"https:\/\/automind.staging.11w.us\/en\/empresa\/politica-sgi-automind\/","title":{"rendered":"SGI Automind Policy"},"content":{"rendered":"<div class=\"wp-block-image\">\n<figure class=\"alignright size-full is-resized\"><img loading=\"lazy\" decoding=\"async\" src=\"https:\/\/automind.staging.11w.us\/wp-content\/uploads\/certificacoes-696x259-1.png\" alt=\"\" class=\"wp-image-1079\" width=\"520\" height=\"194\" srcset=\"https:\/\/automind.staging.11w.us\/wp-content\/uploads\/certificacoes-696x259-1.png 696w, https:\/\/automind.staging.11w.us\/wp-content\/uploads\/certificacoes-696x259-1-18x7.png 18w\" sizes=\"auto, (max-width: 520px) 100vw, 520px\" \/><\/figure><\/div>\n\n\n<p>A Automind reconhece a import\u00e2ncia da qualidade para seus produtos e servi\u00e7os e tem como objetivo manter total comprometimento com a seguran\u00e7a, sa\u00fade e meio ambiente.<\/p>\n\n\n\n<p>A empresa \u00e9 certificada desde 2007 na ISO 9001:2008 e, em Agosto de 2013, obteve as certifica\u00e7\u00f5es 14001:2004 e OSHAS 18001:2007, que determinam os requisitos para a implanta\u00e7\u00e3o de Sistemas de Gest\u00e3o Ambiental e de Sa\u00fade e Seguran\u00e7a respectivamente.<\/p>\n\n\n\n<p>Com o Sistema de Gest\u00e3o Integrada, o SGI, demonstramos nossa capacidade de prover produtos e servi\u00e7os que satisfa\u00e7am nossos clientes, atuando na preven\u00e7\u00e3o de perigos e riscos e redu\u00e7\u00e3o da polui\u00e7\u00e3o atrav\u00e9s da identifica\u00e7\u00e3o dos processos, monitoramento, corre\u00e7\u00e3o e introdu\u00e7\u00e3o de melhorias cont\u00ednuas.<\/p>\n\n\n\n<p><strong>Atrav\u00e9s de sua Pol\u00edtica, a Automind se compromete:<\/strong><\/p>\n\n\n\n<ul class=\"wp-block-list\">\n<li>Disponibilizar servi\u00e7os de consultoria e engenharia para Concep\u00e7\u00e3o, Implanta\u00e7\u00e3o e Manuten\u00e7\u00e3o de Solu\u00e7\u00f5es Integradas de Tecnologias de Automa\u00e7\u00e3o, atendendo aos requisitos dos clientes, requisitos legais\/normativos e outros aplic\u00e1veis;<\/li>\n\n\n\n<li>Proporcionar condi\u00e7\u00f5es de trabalho seguras e saud\u00e1veis, eliminando perigos e reduzindo riscos para preven\u00e7\u00e3o de incidentes \/ les\u00f5es e problemas e sa\u00fade ocupacional, promover a prote\u00e7\u00e3o ambiental relacionadas ao prop\u00f3sito e ao contexto da organiza\u00e7\u00e3o, prevenindo acidentes \/ impactos ambientais adversos e polui\u00e7\u00e3o;<\/li>\n\n\n\n<li>Avaliar periodicamente o sistema de gest\u00e3o integrada a fim de promover a melhoria cont\u00ednua de seus processos e servi\u00e7os;<\/li>\n\n\n\n<li>Se comprometer com a consulta e participa\u00e7\u00e3o dos trabalhadores e seus representantes em quest\u00f5es relativas a SMS;<\/li>\n\n\n\n<li>Promover a crescente capacita\u00e7\u00e3o de seus colaboradores de forma a valorizar o profissional e maximizar os servi\u00e7os prestados;<\/li>\n\n\n\n<li>Garantir resultados financeiros e econ\u00f4micos rent\u00e1veis para a organiza\u00e7\u00e3o<\/li>\n<\/ul>","protected":false},"excerpt":{"rendered":"<p>A Automind reconhece a import\u00e2ncia da qualidade para seus produtos e servi\u00e7os e tem como objetivo manter total comprometimento com a seguran\u00e7a, sa\u00fade e meio [&hellip;]<\/p>","protected":false},"author":1,"featured_media":0,"parent":1067,"menu_order":2,"comment_status":"closed","ping_status":"closed","template":"","meta":{"inline_featured_image":false,"footnotes":""},"class_list":["post-1076","page","type-page","status-publish","hentry"],"acf":[],"yoast_head":"<!-- This site is optimized with the Yoast SEO plugin v20.7 - https:\/\/yoast.com\/wordpress\/plugins\/seo\/ -->\n<title>Pol\u00edtica SGI Automind - Automind<\/title>\n<meta name=\"robots\" content=\"noindex, follow, max-snippet:-1, max-image-preview:large, max-video-preview:-1\" \/>\n<meta property=\"og:locale\" content=\"en_US\" \/>\n<meta property=\"og:type\" content=\"article\" \/>\n<meta property=\"og:title\" content=\"Pol\u00edtica SGI Automind - Automind\" \/>\n<meta property=\"og:description\" content=\"A Automind reconhece a import\u00e2ncia da qualidade para seus produtos e servi\u00e7os e tem como objetivo manter total comprometimento com a seguran\u00e7a, sa\u00fade e meio [&hellip;]\" \/>\n<meta property=\"og:url\" content=\"https:\/\/automind.staging.11w.us\/en\/empresa\/politica-sgi-automind\/\" \/>\n<meta property=\"og:site_name\" content=\"Automind\" \/>\n<meta property=\"article:modified_time\" content=\"2023-05-07T23:54:33+00:00\" \/>\n<meta property=\"og:image\" content=\"https:\/\/automind.staging.11w.us\/wp-content\/uploads\/certificacoes-696x259-1.png\" \/>\n<meta name=\"twitter:card\" content=\"summary_large_image\" \/>\n<meta name=\"twitter:label1\" content=\"Est. reading time\" \/>\n\t<meta name=\"twitter:data1\" content=\"2 minutes\" \/>\n<script type=\"application\/ld+json\" class=\"yoast-schema-graph\">{\"@context\":\"https:\/\/schema.org\",\"@graph\":[{\"@type\":\"WebPage\",\"@id\":\"https:\/\/automind.staging.11w.us\/empresa\/politica-sgi-automind\/\",\"url\":\"https:\/\/automind.staging.11w.us\/empresa\/politica-sgi-automind\/\",\"name\":\"Pol\u00edtica SGI Automind - Automind\",\"isPartOf\":{\"@id\":\"https:\/\/automind.staging.11w.us\/#website\"},\"datePublished\":\"2023-05-07T23:51:57+00:00\",\"dateModified\":\"2023-05-07T23:54:33+00:00\",\"breadcrumb\":{\"@id\":\"https:\/\/automind.staging.11w.us\/empresa\/politica-sgi-automind\/#breadcrumb\"},\"inLanguage\":\"en-US\",\"potentialAction\":[{\"@type\":\"ReadAction\",\"target\":[\"https:\/\/automind.staging.11w.us\/empresa\/politica-sgi-automind\/\"]}]},{\"@type\":\"BreadcrumbList\",\"@id\":\"https:\/\/automind.staging.11w.us\/empresa\/politica-sgi-automind\/#breadcrumb\",\"itemListElement\":[{\"@type\":\"ListItem\",\"position\":1,\"name\":\"In\u00edcio\",\"item\":\"https:\/\/automind.staging.11w.us\/\"},{\"@type\":\"ListItem\",\"position\":2,\"name\":\"Automind\u2122\",\"item\":\"https:\/\/automind.staging.11w.us\/empresa\/\"},{\"@type\":\"ListItem\",\"position\":3,\"name\":\"Pol\u00edtica SGI Automind\"}]},{\"@type\":\"WebSite\",\"@id\":\"https:\/\/automind.staging.11w.us\/#website\",\"url\":\"https:\/\/automind.staging.11w.us\/\",\"name\":\"Automind\",\"description\":\"Solu\u00e7\u00f5es Integradas de Tecnologias de Automa\u00e7\u00e3o\",\"publisher\":{\"@id\":\"https:\/\/automind.staging.11w.us\/#\/schema\/person\/6c9e63d4942ae45004201bd73ebc9557\"},\"potentialAction\":[{\"@type\":\"SearchAction\",\"target\":{\"@type\":\"EntryPoint\",\"urlTemplate\":\"https:\/\/automind.staging.11w.us\/?s={search_term_string}\"},\"query-input\":\"required name=search_term_string\"}],\"inLanguage\":\"en-US\"},{\"@type\":[\"Person\",\"Organization\"],\"@id\":\"https:\/\/automind.staging.11w.us\/#\/schema\/person\/6c9e63d4942ae45004201bd73ebc9557\",\"name\":\"admin\",\"image\":{\"@type\":\"ImageObject\",\"inLanguage\":\"en-US\",\"@id\":\"https:\/\/automind.staging.11w.us\/#\/schema\/person\/image\/\",\"url\":\"https:\/\/automind.staging.11w.us\/wp-content\/uploads\/virginia-de-medeiros-640x610-1.jpg\",\"contentUrl\":\"https:\/\/automind.staging.11w.us\/wp-content\/uploads\/virginia-de-medeiros-640x610-1.jpg\",\"width\":640,\"height\":610,\"caption\":\"admin\"},\"logo\":{\"@id\":\"https:\/\/automind.staging.11w.us\/#\/schema\/person\/image\/\"},\"sameAs\":[\"https:\/\/automind.staging.11w.us\"]}]}<\/script>\n<!-- \/ Yoast SEO plugin. -->","yoast_head_json":{"title":"Pol\u00edtica SGI Automind - Automind","robots":{"index":"noindex","follow":"follow","max-snippet":"max-snippet:-1","max-image-preview":"max-image-preview:large","max-video-preview":"max-video-preview:-1"},"og_locale":"en_US","og_type":"article","og_title":"Pol\u00edtica SGI Automind - Automind","og_description":"A Automind reconhece a import\u00e2ncia da qualidade para seus produtos e servi\u00e7os e tem como objetivo manter total comprometimento com a seguran\u00e7a, sa\u00fade e meio [&hellip;]","og_url":"https:\/\/automind.staging.11w.us\/en\/empresa\/politica-sgi-automind\/","og_site_name":"Automind","article_modified_time":"2023-05-07T23:54:33+00:00","og_image":[{"url":"https:\/\/automind.staging.11w.us\/wp-content\/uploads\/certificacoes-696x259-1.png"}],"twitter_card":"summary_large_image","twitter_misc":{"Est. reading time":"2 minutes"},"schema":{"@context":"https:\/\/schema.org","@graph":[{"@type":"WebPage","@id":"https:\/\/automind.staging.11w.us\/empresa\/politica-sgi-automind\/","url":"https:\/\/automind.staging.11w.us\/empresa\/politica-sgi-automind\/","name":"Pol\u00edtica SGI Automind - Automind","isPartOf":{"@id":"https:\/\/automind.staging.11w.us\/#website"},"datePublished":"2023-05-07T23:51:57+00:00","dateModified":"2023-05-07T23:54:33+00:00","breadcrumb":{"@id":"https:\/\/automind.staging.11w.us\/empresa\/politica-sgi-automind\/#breadcrumb"},"inLanguage":"en-US","potentialAction":[{"@type":"ReadAction","target":["https:\/\/automind.staging.11w.us\/empresa\/politica-sgi-automind\/"]}]},{"@type":"BreadcrumbList","@id":"https:\/\/automind.staging.11w.us\/empresa\/politica-sgi-automind\/#breadcrumb","itemListElement":[{"@type":"ListItem","position":1,"name":"In\u00edcio","item":"https:\/\/automind.staging.11w.us\/"},{"@type":"ListItem","position":2,"name":"Automind\u2122","item":"https:\/\/automind.staging.11w.us\/empresa\/"},{"@type":"ListItem","position":3,"name":"Pol\u00edtica SGI Automind"}]},{"@type":"WebSite","@id":"https:\/\/automind.staging.11w.us\/#website","url":"https:\/\/automind.staging.11w.us\/","name":"Automind","description":"Solu\u00e7\u00f5es Integradas de Tecnologias de Automa\u00e7\u00e3o","publisher":{"@id":"https:\/\/automind.staging.11w.us\/#\/schema\/person\/6c9e63d4942ae45004201bd73ebc9557"},"potentialAction":[{"@type":"SearchAction","target":{"@type":"EntryPoint","urlTemplate":"https:\/\/automind.staging.11w.us\/?s={search_term_string}"},"query-input":"required name=search_term_string"}],"inLanguage":"en-US"},{"@type":["Person","Organization"],"@id":"https:\/\/automind.staging.11w.us\/#\/schema\/person\/6c9e63d4942ae45004201bd73ebc9557","name":"admin","image":{"@type":"ImageObject","inLanguage":"en-US","@id":"https:\/\/automind.staging.11w.us\/#\/schema\/person\/image\/","url":"https:\/\/automind.staging.11w.us\/wp-content\/uploads\/virginia-de-medeiros-640x610-1.jpg","contentUrl":"https:\/\/automind.staging.11w.us\/wp-content\/uploads\/virginia-de-medeiros-640x610-1.jpg","width":640,"height":610,"caption":"admin"},"logo":{"@id":"https:\/\/automind.staging.11w.us\/#\/schema\/person\/image\/"},"sameAs":["https:\/\/automind.staging.11w.us"]}]}},"_links":{"self":[{"href":"https:\/\/automind.staging.11w.us\/en\/wp-json\/wp\/v2\/pages\/1076","targetHints":{"allow":["GET"]}}],"collection":[{"href":"https:\/\/automind.staging.11w.us\/en\/wp-json\/wp\/v2\/pages"}],"about":[{"href":"https:\/\/automind.staging.11w.us\/en\/wp-json\/wp\/v2\/types\/page"}],"author":[{"embeddable":true,"href":"https:\/\/automind.staging.11w.us\/en\/wp-json\/wp\/v2\/users\/1"}],"replies":[{"embeddable":true,"href":"https:\/\/automind.staging.11w.us\/en\/wp-json\/wp\/v2\/comments?post=1076"}],"version-history":[{"count":3,"href":"https:\/\/automind.staging.11w.us\/en\/wp-json\/wp\/v2\/pages\/1076\/revisions"}],"predecessor-version":[{"id":1080,"href":"https:\/\/automind.staging.11w.us\/en\/wp-json\/wp\/v2\/pages\/1076\/revisions\/1080"}],"up":[{"embeddable":true,"href":"https:\/\/automind.staging.11w.us\/en\/wp-json\/wp\/v2\/pages\/1067"}],"wp:attachment":[{"href":"https:\/\/automind.staging.11w.us\/en\/wp-json\/wp\/v2\/media?parent=1076"}],"curies":[{"name":"wp","href":"https:\/\/api.w.org\/{rel}","templated":true}]}}