{"id":1096,"date":"2023-05-08T00:24:51","date_gmt":"2023-05-08T00:24:51","guid":{"rendered":"https:\/\/automind.staging.11w.us\/?page_id=1096"},"modified":"2023-05-08T00:24:51","modified_gmt":"2023-05-08T00:24:51","slug":"aviso-de-privacidade","status":"publish","type":"page","link":"https:\/\/automind.staging.11w.us\/en\/aviso-de-privacidade\/","title":{"rendered":"Privacy Notice"},"content":{"rendered":"<p>A Automind reconhece a import\u00e2ncia da privacidade dos seus dados e tem como objetivo manter total comprometimento com a prote\u00e7\u00e3o e a seguran\u00e7a das suas informa\u00e7\u00f5es pessoais e dados utilizados com o prop\u00f3sito \u00fanico de proporcionar uma melhor experi\u00eancia quando voc\u00ea utiliza nossos produtos, servi\u00e7os e ambientes virtuais. Garantimos total privacidade aos seus dados, usando-os exclusivamente para comunica\u00e7\u00f5es entre voc\u00ea e a Automind.<\/p>\n\n\n\n<p>Voc\u00ea pode acessar na \u00edntegra a Pol\u00edtica de Privacidade da Automind, bem como o Termo de Uso do site, clicando nos bot\u00f5es dispon\u00edveis ao final da p\u00e1gina.<\/p>\n\n\n\n<p>Neste comunicado afirmamos que:<\/p>\n\n\n\n<ul class=\"wp-block-list\">\n<li>PRIVACIDADE: A AUTOMIND n\u00e3o vende ou negocia informa\u00e7\u00f5es de clientes;<\/li>\n\n\n\n<li>SEGURAN\u00c7A: Seus dados ficam armazenados em ambiente seguro e controlado;<\/li>\n\n\n\n<li>INTERESSE: Usamos seus dados apenas para comunica\u00e7\u00f5es de seu interesse;<\/li>\n\n\n\n<li>DIREITOS: A qualquer momento voc\u00ea pode optar por sair da lista de comunicados.<\/li>\n<\/ul>\n\n\n\n<p>Voc\u00ea pode acessar as vers\u00f5es completas da Pol\u00edtica de Privacidade e do Termo de Uso do site clicando no link abaixo.<\/p>\n\n\n\n<p>Ao clicar no bot\u00e3o \u201c<strong>Aceitar<\/strong>\u201d voc\u00ea concorda com as pol\u00edticas mencionadas acima.<\/p>\n\n\n\n<p><a href=\"https:\/\/automind.staging.11w.us\/en\/politica-de-privacidade\/\"><strong>Confira nossa Pol\u00edtica de Privacidade<\/strong><\/a><\/p>","protected":false},"excerpt":{"rendered":"<p>A Automind reconhece a import\u00e2ncia da privacidade dos seus dados e tem como objetivo manter total comprometimento com a prote\u00e7\u00e3o e a seguran\u00e7a das suas [&hellip;]<\/p>","protected":false},"author":1,"featured_media":0,"parent":0,"menu_order":20,"comment_status":"closed","ping_status":"closed","template":"","meta":{"inline_featured_image":false,"footnotes":""},"class_list":["post-1096","page","type-page","status-publish","hentry"],"acf":[],"yoast_head":"<!-- This site is optimized with the Yoast SEO plugin v20.7 - https:\/\/yoast.com\/wordpress\/plugins\/seo\/ -->\n<title>Aviso de Privacidade - Automind<\/title>\n<meta name=\"robots\" content=\"noindex, follow, max-snippet:-1, max-image-preview:large, max-video-preview:-1\" \/>\n<meta property=\"og:locale\" content=\"en_US\" \/>\n<meta property=\"og:type\" content=\"article\" \/>\n<meta property=\"og:title\" content=\"Aviso de Privacidade - Automind\" \/>\n<meta property=\"og:description\" content=\"A Automind reconhece a import\u00e2ncia da privacidade dos seus dados e tem como objetivo manter total comprometimento com a prote\u00e7\u00e3o e a seguran\u00e7a das suas [&hellip;]\" \/>\n<meta property=\"og:url\" content=\"https:\/\/automind.staging.11w.us\/en\/aviso-de-privacidade\/\" \/>\n<meta property=\"og:site_name\" content=\"Automind\" \/>\n<meta name=\"twitter:card\" content=\"summary_large_image\" \/>\n<meta name=\"twitter:label1\" content=\"Est. reading time\" \/>\n\t<meta name=\"twitter:data1\" content=\"1 minute\" \/>\n<script type=\"application\/ld+json\" class=\"yoast-schema-graph\">{\"@context\":\"https:\/\/schema.org\",\"@graph\":[{\"@type\":\"WebPage\",\"@id\":\"https:\/\/automind.staging.11w.us\/aviso-de-privacidade\/\",\"url\":\"https:\/\/automind.staging.11w.us\/aviso-de-privacidade\/\",\"name\":\"Aviso de Privacidade - Automind\",\"isPartOf\":{\"@id\":\"https:\/\/automind.staging.11w.us\/#website\"},\"datePublished\":\"2023-05-08T00:24:51+00:00\",\"dateModified\":\"2023-05-08T00:24:51+00:00\",\"breadcrumb\":{\"@id\":\"https:\/\/automind.staging.11w.us\/aviso-de-privacidade\/#breadcrumb\"},\"inLanguage\":\"en-US\",\"potentialAction\":[{\"@type\":\"ReadAction\",\"target\":[\"https:\/\/automind.staging.11w.us\/aviso-de-privacidade\/\"]}]},{\"@type\":\"BreadcrumbList\",\"@id\":\"https:\/\/automind.staging.11w.us\/aviso-de-privacidade\/#breadcrumb\",\"itemListElement\":[{\"@type\":\"ListItem\",\"position\":1,\"name\":\"In\u00edcio\",\"item\":\"https:\/\/automind.staging.11w.us\/\"},{\"@type\":\"ListItem\",\"position\":2,\"name\":\"Aviso de Privacidade\"}]},{\"@type\":\"WebSite\",\"@id\":\"https:\/\/automind.staging.11w.us\/#website\",\"url\":\"https:\/\/automind.staging.11w.us\/\",\"name\":\"Automind\",\"description\":\"Solu\u00e7\u00f5es Integradas de Tecnologias de Automa\u00e7\u00e3o\",\"publisher\":{\"@id\":\"https:\/\/automind.staging.11w.us\/#\/schema\/person\/6c9e63d4942ae45004201bd73ebc9557\"},\"potentialAction\":[{\"@type\":\"SearchAction\",\"target\":{\"@type\":\"EntryPoint\",\"urlTemplate\":\"https:\/\/automind.staging.11w.us\/?s={search_term_string}\"},\"query-input\":\"required name=search_term_string\"}],\"inLanguage\":\"en-US\"},{\"@type\":[\"Person\",\"Organization\"],\"@id\":\"https:\/\/automind.staging.11w.us\/#\/schema\/person\/6c9e63d4942ae45004201bd73ebc9557\",\"name\":\"admin\",\"image\":{\"@type\":\"ImageObject\",\"inLanguage\":\"en-US\",\"@id\":\"https:\/\/automind.staging.11w.us\/#\/schema\/person\/image\/\",\"url\":\"https:\/\/automind.staging.11w.us\/wp-content\/uploads\/virginia-de-medeiros-640x610-1.jpg\",\"contentUrl\":\"https:\/\/automind.staging.11w.us\/wp-content\/uploads\/virginia-de-medeiros-640x610-1.jpg\",\"width\":640,\"height\":610,\"caption\":\"admin\"},\"logo\":{\"@id\":\"https:\/\/automind.staging.11w.us\/#\/schema\/person\/image\/\"},\"sameAs\":[\"https:\/\/automind.staging.11w.us\"]}]}<\/script>\n<!-- \/ Yoast SEO plugin. -->","yoast_head_json":{"title":"Aviso de Privacidade - Automind","robots":{"index":"noindex","follow":"follow","max-snippet":"max-snippet:-1","max-image-preview":"max-image-preview:large","max-video-preview":"max-video-preview:-1"},"og_locale":"en_US","og_type":"article","og_title":"Aviso de Privacidade - Automind","og_description":"A Automind reconhece a import\u00e2ncia da privacidade dos seus dados e tem como objetivo manter total comprometimento com a prote\u00e7\u00e3o e a seguran\u00e7a das suas [&hellip;]","og_url":"https:\/\/automind.staging.11w.us\/en\/aviso-de-privacidade\/","og_site_name":"Automind","twitter_card":"summary_large_image","twitter_misc":{"Est. reading time":"1 minute"},"schema":{"@context":"https:\/\/schema.org","@graph":[{"@type":"WebPage","@id":"https:\/\/automind.staging.11w.us\/aviso-de-privacidade\/","url":"https:\/\/automind.staging.11w.us\/aviso-de-privacidade\/","name":"Aviso de Privacidade - Automind","isPartOf":{"@id":"https:\/\/automind.staging.11w.us\/#website"},"datePublished":"2023-05-08T00:24:51+00:00","dateModified":"2023-05-08T00:24:51+00:00","breadcrumb":{"@id":"https:\/\/automind.staging.11w.us\/aviso-de-privacidade\/#breadcrumb"},"inLanguage":"en-US","potentialAction":[{"@type":"ReadAction","target":["https:\/\/automind.staging.11w.us\/aviso-de-privacidade\/"]}]},{"@type":"BreadcrumbList","@id":"https:\/\/automind.staging.11w.us\/aviso-de-privacidade\/#breadcrumb","itemListElement":[{"@type":"ListItem","position":1,"name":"In\u00edcio","item":"https:\/\/automind.staging.11w.us\/"},{"@type":"ListItem","position":2,"name":"Aviso de Privacidade"}]},{"@type":"WebSite","@id":"https:\/\/automind.staging.11w.us\/#website","url":"https:\/\/automind.staging.11w.us\/","name":"Automind","description":"Solu\u00e7\u00f5es Integradas de Tecnologias de Automa\u00e7\u00e3o","publisher":{"@id":"https:\/\/automind.staging.11w.us\/#\/schema\/person\/6c9e63d4942ae45004201bd73ebc9557"},"potentialAction":[{"@type":"SearchAction","target":{"@type":"EntryPoint","urlTemplate":"https:\/\/automind.staging.11w.us\/?s={search_term_string}"},"query-input":"required name=search_term_string"}],"inLanguage":"en-US"},{"@type":["Person","Organization"],"@id":"https:\/\/automind.staging.11w.us\/#\/schema\/person\/6c9e63d4942ae45004201bd73ebc9557","name":"admin","image":{"@type":"ImageObject","inLanguage":"en-US","@id":"https:\/\/automind.staging.11w.us\/#\/schema\/person\/image\/","url":"https:\/\/automind.staging.11w.us\/wp-content\/uploads\/virginia-de-medeiros-640x610-1.jpg","contentUrl":"https:\/\/automind.staging.11w.us\/wp-content\/uploads\/virginia-de-medeiros-640x610-1.jpg","width":640,"height":610,"caption":"admin"},"logo":{"@id":"https:\/\/automind.staging.11w.us\/#\/schema\/person\/image\/"},"sameAs":["https:\/\/automind.staging.11w.us"]}]}},"_links":{"self":[{"href":"https:\/\/automind.staging.11w.us\/en\/wp-json\/wp\/v2\/pages\/1096","targetHints":{"allow":["GET"]}}],"collection":[{"href":"https:\/\/automind.staging.11w.us\/en\/wp-json\/wp\/v2\/pages"}],"about":[{"href":"https:\/\/automind.staging.11w.us\/en\/wp-json\/wp\/v2\/types\/page"}],"author":[{"embeddable":true,"href":"https:\/\/automind.staging.11w.us\/en\/wp-json\/wp\/v2\/users\/1"}],"replies":[{"embeddable":true,"href":"https:\/\/automind.staging.11w.us\/en\/wp-json\/wp\/v2\/comments?post=1096"}],"version-history":[{"count":1,"href":"https:\/\/automind.staging.11w.us\/en\/wp-json\/wp\/v2\/pages\/1096\/revisions"}],"predecessor-version":[{"id":1097,"href":"https:\/\/automind.staging.11w.us\/en\/wp-json\/wp\/v2\/pages\/1096\/revisions\/1097"}],"wp:attachment":[{"href":"https:\/\/automind.staging.11w.us\/en\/wp-json\/wp\/v2\/media?parent=1096"}],"curies":[{"name":"wp","href":"https:\/\/api.w.org\/{rel}","templated":true}]}}